{"id":722,"date":"2025-06-18T10:50:30","date_gmt":"2025-06-18T10:50:30","guid":{"rendered":"https:\/\/warholinternational.com\/?page_id=722"},"modified":"2025-06-26T21:05:09","modified_gmt":"2025-06-26T21:05:09","slug":"warhol-academy","status":"publish","type":"page","link":"https:\/\/warholinternational.com\/en\/warhol-academy\/","title":{"rendered":"Warhol Academy"},"content":{"rendered":"<div data-elementor-type=\"wp-page\" data-elementor-id=\"722\" class=\"elementor elementor-722\" data-elementor-post-type=\"page\">\n\t\t\t\t<div class=\"elementor-element elementor-element-a276cce e-flex e-con-boxed e-con e-parent\" data-id=\"a276cce\" data-element_type=\"container\" data-settings=\"{&quot;background_background&quot;:&quot;classic&quot;}\">\n\t\t\t\t\t<div class=\"e-con-inner\">\n\t\t<div class=\"elementor-element elementor-element-42f5b0d e-con-full e-flex e-con e-child\" data-id=\"42f5b0d\" data-element_type=\"container\">\n\t\t\t\t<div class=\"elementor-element elementor-element-f5b45a2 elementor-widget elementor-widget-heading\" data-id=\"f5b45a2\" data-element_type=\"widget\" data-widget_type=\"heading.default\">\n\t\t\t\t<div class=\"elementor-widget-container\">\n\t\t\t\t\t<h2 class=\"elementor-heading-title elementor-size-default\">Courses<\/h2>\t\t\t\t<\/div>\n\t\t\t\t<\/div>\n\t\t\t\t<div class=\"elementor-element elementor-element-f9d8c13 elementor-widget elementor-widget-text-editor\" data-id=\"f9d8c13\" data-element_type=\"widget\" data-widget_type=\"text-editor.default\">\n\t\t\t\t<div class=\"elementor-widget-container\">\n\t\t\t\t\t\t\t\t\tAt Warhol Academy, you\u2019ll discover practical, high-impact courses on sales, marketing, innovation, customer experience, and leadership-everything you need to keep growing your business and your mindset.\t\t\t\t\t\t\t\t<\/div>\n\t\t\t\t<\/div>\n\t\t\t\t<\/div>\n\t\t<div class=\"elementor-element elementor-element-f05f7f6 e-con-full e-flex e-con e-child\" data-id=\"f05f7f6\" data-element_type=\"container\">\n\t\t\t\t<div class=\"elementor-element elementor-element-5098bec elementor-widget elementor-widget-image\" data-id=\"5098bec\" data-element_type=\"widget\" data-widget_type=\"image.default\">\n\t\t\t\t<div class=\"elementor-widget-container\">\n\t\t\t\t\t\t\t\t\t\t\t\t\t\t\t<img fetchpriority=\"high\" decoding=\"async\" width=\"1001\" height=\"1024\" src=\"https:\/\/warholinternational.com\/wp-content\/uploads\/2025\/06\/Recurso-1@2x-1001x1024.png\" class=\"attachment-large size-large wp-image-2271\" alt=\"\" srcset=\"https:\/\/warholinternational.com\/wp-content\/uploads\/2025\/06\/Recurso-1@2x-1001x1024.png 1001w, https:\/\/warholinternational.com\/wp-content\/uploads\/2025\/06\/Recurso-1@2x-293x300.png 293w, https:\/\/warholinternational.com\/wp-content\/uploads\/2025\/06\/Recurso-1@2x-768x786.png 768w, https:\/\/warholinternational.com\/wp-content\/uploads\/2025\/06\/Recurso-1@2x.png 1004w\" sizes=\"(max-width: 1001px) 100vw, 1001px\" \/>\t\t\t\t\t\t\t\t\t\t\t\t\t\t\t<\/div>\n\t\t\t\t<\/div>\n\t\t\t\t<\/div>\n\t\t\t\t\t<\/div>\n\t\t\t\t<\/div>\n\t\t<div class=\"elementor-element elementor-element-e62d65e e-flex e-con-boxed e-con e-parent\" data-id=\"e62d65e\" data-element_type=\"container\">\n\t\t\t\t\t<div class=\"e-con-inner\">\n\t\t<div class=\"elementor-element elementor-element-43f590c e-con-full e-flex e-con e-child\" data-id=\"43f590c\" data-element_type=\"container\" data-settings=\"{&quot;background_background&quot;:&quot;classic&quot;}\">\n\t\t\t\t<div class=\"elementor-element elementor-element-8b98e33 elementor-widget elementor-widget-text-editor\" data-id=\"8b98e33\" data-element_type=\"widget\" data-widget_type=\"text-editor.default\">\n\t\t\t\t<div class=\"elementor-widget-container\">\n\t\t\t\t\t\t\t\t\t<a style=\"text-decoration:none;\" href=\"https:\/\/warholinternational.com\/en\/curso-1\/\"><span style=\"font-weight: 500;\">Sales Success Through Soft Skills.<\/span><\/a>\t\t\t\t\t\t\t\t<\/div>\n\t\t\t\t<\/div>\n\t\t\t\t<div class=\"elementor-element elementor-element-7e5e9f2 elementor-align-left elementor-widget elementor-widget-button\" data-id=\"7e5e9f2\" data-element_type=\"widget\" data-widget_type=\"button.default\">\n\t\t\t\t<div class=\"elementor-widget-container\">\n\t\t\t\t\t\t\t\t\t<div class=\"elementor-button-wrapper\">\n\t\t\t\t\t<a class=\"elementor-button elementor-button-link elementor-size-sm\" href=\"https:\/\/warholinternational.com\/en\/curso-1\/\">\n\t\t\t\t\t\t<span class=\"elementor-button-content-wrapper\">\n\t\t\t\t\t\t\t\t\t<span class=\"elementor-button-text\">Learn More<\/span>\n\t\t\t\t\t<\/span>\n\t\t\t\t\t<\/a>\n\t\t\t\t<\/div>\n\t\t\t\t\t\t\t\t<\/div>\n\t\t\t\t<\/div>\n\t\t\t\t<\/div>\n\t\t<div class=\"elementor-element elementor-element-a881e21 e-con-full e-flex e-con e-child\" data-id=\"a881e21\" data-element_type=\"container\" data-settings=\"{&quot;background_background&quot;:&quot;classic&quot;}\">\n\t\t\t\t<div class=\"elementor-element elementor-element-b48761f elementor-widget elementor-widget-text-editor\" data-id=\"b48761f\" data-element_type=\"widget\" data-widget_type=\"text-editor.default\">\n\t\t\t\t<div class=\"elementor-widget-container\">\n\t\t\t\t\t\t\t\t\t<a style=\"text-decoration:none;\"href=\"https:\/\/warholinternational.com\/en\/curso-2\/\"><span style=\"font-weight: 500;\">The Spartan Seller.<\/span><\/a>\t\t\t\t\t\t\t\t<\/div>\n\t\t\t\t<\/div>\n\t\t\t\t<div class=\"elementor-element elementor-element-9feed77 elementor-align-left elementor-widget elementor-widget-button\" data-id=\"9feed77\" data-element_type=\"widget\" data-widget_type=\"button.default\">\n\t\t\t\t<div class=\"elementor-widget-container\">\n\t\t\t\t\t\t\t\t\t<div class=\"elementor-button-wrapper\">\n\t\t\t\t\t<a class=\"elementor-button elementor-button-link elementor-size-sm\" href=\"https:\/\/warholinternational.com\/en\/curso-2\/\">\n\t\t\t\t\t\t<span class=\"elementor-button-content-wrapper\">\n\t\t\t\t\t\t\t\t\t<span class=\"elementor-button-text\">Learn More<\/span>\n\t\t\t\t\t<\/span>\n\t\t\t\t\t<\/a>\n\t\t\t\t<\/div>\n\t\t\t\t\t\t\t\t<\/div>\n\t\t\t\t<\/div>\n\t\t\t\t<\/div>\n\t\t<div class=\"elementor-element elementor-element-6020d71 e-con-full e-flex e-con e-child\" data-id=\"6020d71\" data-element_type=\"container\" data-settings=\"{&quot;background_background&quot;:&quot;classic&quot;}\">\n\t\t\t\t<div class=\"elementor-element elementor-element-d257c32 elementor-widget elementor-widget-text-editor\" data-id=\"d257c32\" data-element_type=\"widget\" data-widget_type=\"text-editor.default\">\n\t\t\t\t<div class=\"elementor-widget-container\">\n\t\t\t\t\t\t\t\t\t<a style=\"text-decoration:none;\"href=\"https:\/\/warholinternational.com\/en\/curso-3\/\"><span style=\"font-weight: 500;\">Winning Service Strategies for Restaurants, Gastrobars &amp; Caf\u00e9s.<\/span><\/a>\t\t\t\t\t\t\t\t<\/div>\n\t\t\t\t<\/div>\n\t\t\t\t<div class=\"elementor-element elementor-element-082baa9 elementor-align-left elementor-widget elementor-widget-button\" data-id=\"082baa9\" data-element_type=\"widget\" data-widget_type=\"button.default\">\n\t\t\t\t<div class=\"elementor-widget-container\">\n\t\t\t\t\t\t\t\t\t<div class=\"elementor-button-wrapper\">\n\t\t\t\t\t<a class=\"elementor-button elementor-button-link elementor-size-sm\" href=\"https:\/\/warholinternational.com\/en\/curso-3\/\">\n\t\t\t\t\t\t<span class=\"elementor-button-content-wrapper\">\n\t\t\t\t\t\t\t\t\t<span class=\"elementor-button-text\">Learn More<\/span>\n\t\t\t\t\t<\/span>\n\t\t\t\t\t<\/a>\n\t\t\t\t<\/div>\n\t\t\t\t\t\t\t\t<\/div>\n\t\t\t\t<\/div>\n\t\t\t\t<\/div>\n\t\t<div class=\"elementor-element elementor-element-47d90f1 e-con-full e-flex e-con e-child\" data-id=\"47d90f1\" data-element_type=\"container\" data-settings=\"{&quot;background_background&quot;:&quot;classic&quot;}\">\n\t\t\t\t<div class=\"elementor-element elementor-element-27051fe elementor-widget elementor-widget-text-editor\" data-id=\"27051fe\" data-element_type=\"widget\" data-widget_type=\"text-editor.default\">\n\t\t\t\t<div class=\"elementor-widget-container\">\n\t\t\t\t\t\t\t\t\t<a style=\"text-decoration:none;\"href=\"https:\/\/warholinternational.com\/en\/curso-4\/\"><span style=\"font-weight: 500;\">Smart Negotiation Skills for Real Business Impact.<\/span><\/a>\t\t\t\t\t\t\t\t<\/div>\n\t\t\t\t<\/div>\n\t\t\t\t<div class=\"elementor-element elementor-element-6f17dc4 elementor-align-left elementor-widget elementor-widget-button\" data-id=\"6f17dc4\" data-element_type=\"widget\" data-widget_type=\"button.default\">\n\t\t\t\t<div class=\"elementor-widget-container\">\n\t\t\t\t\t\t\t\t\t<div class=\"elementor-button-wrapper\">\n\t\t\t\t\t<a class=\"elementor-button elementor-button-link elementor-size-sm\" href=\"https:\/\/warholinternational.com\/en\/curso-4\/\">\n\t\t\t\t\t\t<span class=\"elementor-button-content-wrapper\">\n\t\t\t\t\t\t\t\t\t<span class=\"elementor-button-text\">Learn More<\/span>\n\t\t\t\t\t<\/span>\n\t\t\t\t\t<\/a>\n\t\t\t\t<\/div>\n\t\t\t\t\t\t\t\t<\/div>\n\t\t\t\t<\/div>\n\t\t\t\t<\/div>\n\t\t\t\t\t<\/div>\n\t\t\t\t<\/div>\n\t\t<div class=\"elementor-element elementor-element-c45ce95 e-flex e-con-boxed e-con e-parent\" data-id=\"c45ce95\" data-element_type=\"container\">\n\t\t\t\t\t<div class=\"e-con-inner\">\n\t\t\t\t<div class=\"elementor-element elementor-element-99d9331 elementor-widget elementor-widget-spacer\" data-id=\"99d9331\" data-element_type=\"widget\" data-widget_type=\"spacer.default\">\n\t\t\t\t<div class=\"elementor-widget-container\">\n\t\t\t\t\t\t\t<div class=\"elementor-spacer\">\n\t\t\t<div class=\"elementor-spacer-inner\"><\/div>\n\t\t<\/div>\n\t\t\t\t\t\t<\/div>\n\t\t\t\t<\/div>\n\t\t\t\t\t<\/div>\n\t\t\t\t<\/div>\n\t\t<div class=\"elementor-element elementor-element-302707a e-flex e-con-boxed e-con e-parent\" data-id=\"302707a\" data-element_type=\"container\">\n\t\t\t\t\t<div class=\"e-con-inner\">\n\t\t\t\t<div class=\"elementor-element elementor-element-24b2a29 elementor-widget elementor-widget-heading\" data-id=\"24b2a29\" data-element_type=\"widget\" data-widget_type=\"heading.default\">\n\t\t\t\t<div class=\"elementor-widget-container\">\n\t\t\t\t\t<h2 class=\"elementor-heading-title elementor-size-default\">Companies That Trust Us<\/h2>\t\t\t\t<\/div>\n\t\t\t\t<\/div>\n\t\t\t\t<div class=\"elementor-element elementor-element-4aa954b elementor-widget elementor-widget-image-carousel\" data-id=\"4aa954b\" data-element_type=\"widget\" data-settings=\"{&quot;navigation&quot;:&quot;none&quot;,&quot;autoplay_speed&quot;:2000,&quot;speed&quot;:800,&quot;image_spacing_custom&quot;:{&quot;unit&quot;:&quot;px&quot;,&quot;size&quot;:0,&quot;sizes&quot;:[]},&quot;autoplay&quot;:&quot;yes&quot;,&quot;infinite&quot;:&quot;yes&quot;,&quot;image_spacing_custom_tablet&quot;:{&quot;unit&quot;:&quot;px&quot;,&quot;size&quot;:&quot;&quot;,&quot;sizes&quot;:[]},&quot;image_spacing_custom_mobile&quot;:{&quot;unit&quot;:&quot;px&quot;,&quot;size&quot;:&quot;&quot;,&quot;sizes&quot;:[]}}\" data-widget_type=\"image-carousel.default\">\n\t\t\t\t<div class=\"elementor-widget-container\">\n\t\t\t\t\t\t\t<div class=\"elementor-image-carousel-wrapper swiper\" role=\"region\" aria-roledescription=\"carousel\" aria-label=\"Carrusel de im\u00e1genes\" dir=\"ltr\">\n\t\t\t<div class=\"elementor-image-carousel swiper-wrapper\" aria-live=\"off\">\n\t\t\t\t\t\t\t\t<div class=\"swiper-slide\" role=\"group\" aria-roledescription=\"slide\" aria-label=\"1 of 13\"><figure class=\"swiper-slide-inner\"><img decoding=\"async\" class=\"swiper-slide-image\" src=\"https:\/\/warholinternational.com\/wp-content\/uploads\/elementor\/thumbs\/qbano-scaled-e1750393145523-r7kj06prj4d52yi60cyjnl9k1ro94itofsx6iaam0w.webp\" alt=\"S\u00e1ndwich Qbano\" \/><figcaption class=\"elementor-image-carousel-caption\">S\u00e1ndwich Qbano<\/figcaption><\/figure><\/div><div class=\"swiper-slide\" role=\"group\" aria-roledescription=\"slide\" aria-label=\"2 of 13\"><figure class=\"swiper-slide-inner\"><img decoding=\"async\" class=\"swiper-slide-image\" src=\"https:\/\/warholinternational.com\/wp-content\/uploads\/elementor\/thumbs\/carval-e1750393206392-r7kj1q68qch23y9m0ixj8p9r3i2wqnxubfettm0dts.png\" alt=\"Carval Agr\u00edcola\" \/><figcaption class=\"elementor-image-carousel-caption\">Carval Agr\u00edcola<\/figcaption><\/figure><\/div><div class=\"swiper-slide\" role=\"group\" aria-roledescription=\"slide\" aria-label=\"3 of 13\"><figure class=\"swiper-slide-inner\"><img decoding=\"async\" class=\"swiper-slide-image\" src=\"https:\/\/warholinternational.com\/wp-content\/uploads\/elementor\/thumbs\/coexito-1-e1750393222412-r7kj257nrp1n9pnrkpfkclh4lo0s5tljphuli1e328.png\" alt=\"Co\u00e9xito\" \/><figcaption class=\"elementor-image-carousel-caption\">Co\u00e9xito<\/figcaption><\/figure><\/div><div class=\"swiper-slide\" role=\"group\" aria-roledescription=\"slide\" aria-label=\"4 of 13\"><figure class=\"swiper-slide-inner\"><img decoding=\"async\" class=\"swiper-slide-image\" src=\"https:\/\/warholinternational.com\/wp-content\/uploads\/elementor\/thumbs\/carvajal-empaques-e1750393255828-r7kj308c1883wuepjku94vnc7drw7u0otrdmc643cw.png\" alt=\"Carvajal Empaques\" \/><figcaption class=\"elementor-image-carousel-caption\">Carvajal Empaques<\/figcaption><\/figure><\/div><div class=\"swiper-slide\" role=\"group\" aria-roledescription=\"slide\" aria-label=\"5 of 13\"><figure class=\"swiper-slide-inner\"><img decoding=\"async\" class=\"swiper-slide-image\" src=\"https:\/\/warholinternational.com\/wp-content\/uploads\/elementor\/thumbs\/aldor-e1750393280304-r7kj3nqas349z3gkqczxd7pv20k2k9lz8zorc3591c.jpg\" alt=\"ALDOR\" \/><figcaption class=\"elementor-image-carousel-caption\">ALDOR<\/figcaption><\/figure><\/div><div class=\"swiper-slide\" role=\"group\" aria-roledescription=\"slide\" aria-label=\"6 of 13\"><figure class=\"swiper-slide-inner\"><img decoding=\"async\" class=\"swiper-slide-image\" src=\"https:\/\/warholinternational.com\/wp-content\/uploads\/elementor\/thumbs\/paz-del-rio-e1750393334590-r7kj52hl151re1euhyxs3uwr4tlw3x7hfywz911zpc.jpg\" alt=\"Acer\u00edas Paz Del R\u00edo\" \/><figcaption class=\"elementor-image-carousel-caption\">Acer\u00edas Paz Del R\u00edo<\/figcaption><\/figure><\/div><div class=\"swiper-slide\" role=\"group\" aria-roledescription=\"slide\" aria-label=\"7 of 13\"><figure class=\"swiper-slide-inner\"><img decoding=\"async\" class=\"swiper-slide-image\" src=\"https:\/\/warholinternational.com\/wp-content\/uploads\/elementor\/thumbs\/Comfandi-e1750393355180-r7kj5m870nss5um6apgy27xflwwllkduiom6bu8q2o.jpg\" alt=\"Comfandi\" \/><figcaption class=\"elementor-image-carousel-caption\">Comfandi<\/figcaption><\/figure><\/div><div class=\"swiper-slide\" role=\"group\" aria-roledescription=\"slide\" aria-label=\"8 of 13\"><figure class=\"swiper-slide-inner\"><img decoding=\"async\" class=\"swiper-slide-image\" src=\"https:\/\/warholinternational.com\/wp-content\/uploads\/elementor\/thumbs\/chontacones-e1750393382769-r7kj6blu56rivblb6ifvfjivnbfide6lm68aab73eo.jpg\" alt=\"Chontacones\" \/><figcaption class=\"elementor-image-carousel-caption\">Chontacones<\/figcaption><\/figure><\/div><div class=\"swiper-slide\" role=\"group\" aria-roledescription=\"slide\" aria-label=\"9 of 13\"><figure class=\"swiper-slide-inner\"><img decoding=\"async\" class=\"swiper-slide-image\" src=\"https:\/\/warholinternational.com\/wp-content\/uploads\/elementor\/thumbs\/carantanta-e1750393408969-r7kj701n2voz96lt7t068dcv3c31xivmdj6wri6uww.png\" alt=\"Carantanta\" \/><figcaption class=\"elementor-image-carousel-caption\">Carantanta<\/figcaption><\/figure><\/div><div class=\"swiper-slide\" role=\"group\" aria-roledescription=\"slide\" aria-label=\"10 of 13\"><figure class=\"swiper-slide-inner\"><img decoding=\"async\" class=\"swiper-slide-image\" src=\"https:\/\/warholinternational.com\/wp-content\/uploads\/elementor\/thumbs\/san-jorge-e1750393467956-r7kj8ji4a3swa6d97yz5thd252hpjnzs95ok2twmps.png\" alt=\"Laboratorios San Jorge\" \/><figcaption class=\"elementor-image-carousel-caption\">Laboratorios San Jorge<\/figcaption><\/figure><\/div><div class=\"swiper-slide\" role=\"group\" aria-roledescription=\"slide\" aria-label=\"11 of 13\"><figure class=\"swiper-slide-inner\"><img decoding=\"async\" class=\"swiper-slide-image\" src=\"https:\/\/warholinternational.com\/wp-content\/uploads\/elementor\/thumbs\/fenalco-norte-e1750393487368-r7kj92aw2simqdly673p7cma0rx1tm2ezqq9od4r9c.png\" alt=\"Fenalco Norte del Santander\" \/><figcaption class=\"elementor-image-carousel-caption\">Fenalco Norte del Santander<\/figcaption><\/figure><\/div><div class=\"swiper-slide\" role=\"group\" aria-roledescription=\"slide\" aria-label=\"12 of 13\"><figure class=\"swiper-slide-inner\"><img decoding=\"async\" class=\"swiper-slide-image\" src=\"https:\/\/warholinternational.com\/wp-content\/uploads\/elementor\/thumbs\/Fenalco-bogota-e1750393568826-r7kjb6ftgdeuusjctm0hbbem4zhs53goa7kljrzv9c.webp\" alt=\"Fenalco Bogot\u00e1\" \/><figcaption class=\"elementor-image-carousel-caption\">Fenalco Bogot\u00e1<\/figcaption><\/figure><\/div><div class=\"swiper-slide\" role=\"group\" aria-roledescription=\"slide\" aria-label=\"13 of 13\"><figure class=\"swiper-slide-inner\"><img decoding=\"async\" class=\"swiper-slide-image\" src=\"https:\/\/warholinternational.com\/wp-content\/uploads\/elementor\/thumbs\/Fenalco-e1750393589926-r7kjbr49mq75y7pbguy9u66r7gnuufqrp1xa3v57gg.webp\" alt=\"Fenalco Santander\" \/><figcaption class=\"elementor-image-carousel-caption\">Fenalco Santander<\/figcaption><\/figure><\/div>\t\t\t<\/div>\n\t\t\t\t\t\t\t\n\t\t\t\t\t\t\t\t\t<\/div>\n\t\t\t\t\t\t<\/div>\n\t\t\t\t<\/div>\n\t\t\t\t\t<\/div>\n\t\t\t\t<\/div>\n\t\t<div class=\"elementor-element elementor-element-195272f e-flex e-con-boxed e-con e-parent\" data-id=\"195272f\" data-element_type=\"container\">\n\t\t\t\t\t<div class=\"e-con-inner\">\n\t\t\t\t<div class=\"elementor-element elementor-element-46a6274 elementor-widget elementor-widget-spacer\" data-id=\"46a6274\" data-element_type=\"widget\" data-widget_type=\"spacer.default\">\n\t\t\t\t<div class=\"elementor-widget-container\">\n\t\t\t\t\t\t\t<div class=\"elementor-spacer\">\n\t\t\t<div class=\"elementor-spacer-inner\"><\/div>\n\t\t<\/div>\n\t\t\t\t\t\t<\/div>\n\t\t\t\t<\/div>\n\t\t\t\t\t<\/div>\n\t\t\t\t<\/div>\n\t\t\t\t<\/div>","protected":false},"excerpt":{"rendered":"<p>CURSOS En Warhol Academy encontrar\u00e1s cursos con los que aprender\u00e1s sobre ventas, mercadeo, innovaci\u00f3n, Experiencia del Cliente y liderazgo. Habilidades [&hellip;]<\/p>","protected":false},"author":1,"featured_media":0,"parent":0,"menu_order":0,"comment_status":"closed","ping_status":"closed","template":"","meta":{"site-sidebar-layout":"no-sidebar","site-content-layout":"","ast-site-content-layout":"full-width-container","site-content-style":"default","site-sidebar-style":"default","ast-global-header-display":"","ast-banner-title-visibility":"","ast-main-header-display":"","ast-hfb-above-header-display":"","ast-hfb-below-header-display":"","ast-hfb-mobile-header-display":"","site-post-title":"disabled","ast-breadcrumbs-content":"","ast-featured-img":"disabled","footer-sml-layout":"","ast-disable-related-posts":"","theme-transparent-header-meta":"","adv-header-id-meta":"","stick-header-meta":"","header-above-stick-meta":"","header-main-stick-meta":"","header-below-stick-meta":"","astra-migrate-meta-layouts":"default","ast-page-background-enabled":"default","ast-page-background-meta":{"desktop":{"background-color":"var(--ast-global-color-5)","background-image":"","background-repeat":"repeat","background-position":"center center","background-size":"auto","background-attachment":"scroll","background-type":"","background-media":"","overlay-type":"","overlay-color":"","overlay-opacity":"","overlay-gradient":""},"tablet":{"background-color":"","background-image":"","background-repeat":"repeat","background-position":"center center","background-size":"auto","background-attachment":"scroll","background-type":"","background-media":"","overlay-type":"","overlay-color":"","overlay-opacity":"","overlay-gradient":""},"mobile":{"background-color":"","background-image":"","background-repeat":"repeat","background-position":"center center","background-size":"auto","background-attachment":"scroll","background-type":"","background-media":"","overlay-type":"","overlay-color":"","overlay-opacity":"","overlay-gradient":""}},"ast-content-background-meta":{"desktop":{"background-color":"var(--ast-global-color-4)","background-image":"","background-repeat":"repeat","background-position":"center center","background-size":"auto","background-attachment":"scroll","background-type":"","background-media":"","overlay-type":"","overlay-color":"","overlay-opacity":"","overlay-gradient":""},"tablet":{"background-color":"var(--ast-global-color-4)","background-image":"","background-repeat":"repeat","background-position":"center center","background-size":"auto","background-attachment":"scroll","background-type":"","background-media":"","overlay-type":"","overlay-color":"","overlay-opacity":"","overlay-gradient":""},"mobile":{"background-color":"var(--ast-global-color-4)","background-image":"","background-repeat":"repeat","background-position":"center center","background-size":"auto","background-attachment":"scroll","background-type":"","background-media":"","overlay-type":"","overlay-color":"","overlay-opacity":"","overlay-gradient":""}},"footnotes":""},"class_list":["post-722","page","type-page","status-publish","hentry"],"_links":{"self":[{"href":"https:\/\/warholinternational.com\/en\/wp-json\/wp\/v2\/pages\/722","targetHints":{"allow":["GET"]}}],"collection":[{"href":"https:\/\/warholinternational.com\/en\/wp-json\/wp\/v2\/pages"}],"about":[{"href":"https:\/\/warholinternational.com\/en\/wp-json\/wp\/v2\/types\/page"}],"author":[{"embeddable":true,"href":"https:\/\/warholinternational.com\/en\/wp-json\/wp\/v2\/users\/1"}],"replies":[{"embeddable":true,"href":"https:\/\/warholinternational.com\/en\/wp-json\/wp\/v2\/comments?post=722"}],"version-history":[{"count":0,"href":"https:\/\/warholinternational.com\/en\/wp-json\/wp\/v2\/pages\/722\/revisions"}],"wp:attachment":[{"href":"https:\/\/warholinternational.com\/en\/wp-json\/wp\/v2\/media?parent=722"}],"curies":[{"name":"wp","href":"https:\/\/api.w.org\/{rel}","templated":true}]}}